{"id":19499,"date":"2022-01-17T21:23:14","date_gmt":"2022-01-18T00:23:14","guid":{"rendered":"http:\/\/atomoead.com.br\/matricula\/?post_type=product&#038;p=19499"},"modified":"2026-02-20T03:30:27","modified_gmt":"2026-02-20T06:30:27","slug":"curso-do-colegio-militar-extensivo","status":"publish","type":"product","link":"https:\/\/atomoead.com.br\/matricula\/product\/curso-do-colegio-militar-extensivo\/","title":{"rendered":"CURSO DO COLEGIO MILITAR 1\u00b0 ANO 2026"},"content":{"rendered":"\r\n<p><br \/>O curso do COL\u00c9GIO MILITAR 2026 online do Atomoead certamente possibilita aos alunos estrat\u00e9gias diferenciadas e pr\u00e1ticas de aprendizagem para prepar\u00e1-los a conquista da t\u00e3o sonhada vaga no curso.<\/p>\r\n<p><span>O Col\u00e9gio Militar de Belo Horizonte (CMBH), Rio de Janeiro (CMRJ), S\u00e3o Paulo (CMSP), Bras\u00edlia (CMB) e CMPA.<\/span><\/p>\r\n<p><span>No transcurso dos\u00a0trinta anos que se seguiram \u00e0 extin\u00e7\u00e3o do sempre lembrado educand\u00e1rio barbacenense, com a persist\u00eancia de uma chama que n\u00e3o se apagou, luziu a grande esperan\u00e7a: o ressurgimento da casa de forma\u00e7\u00e3o dos \u201cpupilos do Ex\u00e9rcito\u201d, no saud\u00e1vel ambiente do clima, dos costumes e do civismo montanheses.<\/span><\/p>\r\n\r\n\r\n\r\n<p><strong>Objetivos<\/strong><\/p>\r\n\r\n\r\n\r\n<p>Afinal o objetivo desse <a href=\"http:\/\/atomoead.com.br\/preparatorio-para-o-colegio-militar.html\">curso preparat\u00f3rio para o Col\u00e9gio Militar<\/a> \u00e9 o de preparar jovens, entre 13 e 16 anos, que estejam cursando o 9\u00ba ano do Ensino Fundamental, ou que j\u00e1 tenham conclu\u00eddo o Ensino Fundamental, para o processo seletivo do Col\u00e9gio Militar.<\/p>\r\n<p>&nbsp;<\/p>\r\n\r\n\r\n\r\n<p><strong>Diferenciais<\/strong><\/p>\r\n\r\n\r\n\r\n<p>Material digital in\u00e9dito, prepara\u00e7\u00e3o personalizada e individualizada. As atividades de cada aluno s\u00e3o acompanhadas por professores e especialistas em educa\u00e7\u00e3o que respeitam o desenvolvimento e o o ritmo de cada um no processo de aprendizagem.<\/p>\r\n\r\n\r\n\r\n\r\n\r\n<p><strong><b>In\u00edcio:<\/b><span> 09\/02\/26 &#8211; <\/span><b>Termino:<\/b><span> 30\/11\/26 (Acesso at\u00e9 v\u00e9spera da prova)<\/span><\/strong><\/p>\r\n\r\n\r\n\r\n<p><strong>ENSINO M\u00c9DIO E VESTIBULARES<\/strong><\/p>\r\n\r\n\r\n\r\n<p>Considerado um dos melhores col\u00e9gios de Ensino M\u00e9dio do Pa\u00eds, o curso do Col\u00e9gio Militar prepara seus alunos para ingressarem no Col\u00e9gio Militardesejada e em qualquer outra institui\u00e7\u00e3o de n\u00edvel superior.<\/p>\r\n","protected":false},"excerpt":{"rendered":"<p><strong>Curso do COL\u00c9GIO MILITAR Completo + Material Digital\u00a0<br \/><\/strong><\/p>\n<p><strong><b>In\u00edcio:<\/b><span> 09\/02\/26 &#8211; <\/span><b>Termino:<\/b><span> 30\/11\/26 (Acesso at\u00e9 v\u00e9spera da prova)<\/span><\/strong><strong>\u00a0<\/strong><\/p>\n","protected":false},"featured_media":20227,"comment_status":"open","ping_status":"closed","template":"","meta":[],"product_brand":[],"product_cat":[102,64],"product_tag":[104,105,103],"class_list":{"0":"post-19499","1":"product","2":"type-product","3":"status-publish","4":"has-post-thumbnail","6":"product_cat-colegio-militar-cursos-preparatorios","7":"product_cat-cursos-preparatorios","8":"product_tag-colegio-militar","9":"product_tag-curso-do-colegio-militar","10":"product_tag-preparatorio-para-o-colegio-militar","12":"first","13":"instock","14":"sale","15":"featured","16":"shipping-taxable","17":"purchasable","18":"product-type-simple"},"_links":{"self":[{"href":"https:\/\/atomoead.com.br\/matricula\/wp-json\/wp\/v2\/product\/19499","targetHints":{"allow":["GET"]}}],"collection":[{"href":"https:\/\/atomoead.com.br\/matricula\/wp-json\/wp\/v2\/product"}],"about":[{"href":"https:\/\/atomoead.com.br\/matricula\/wp-json\/wp\/v2\/types\/product"}],"replies":[{"embeddable":true,"href":"https:\/\/atomoead.com.br\/matricula\/wp-json\/wp\/v2\/comments?post=19499"}],"wp:featuredmedia":[{"embeddable":true,"href":"https:\/\/atomoead.com.br\/matricula\/wp-json\/wp\/v2\/media\/20227"}],"wp:attachment":[{"href":"https:\/\/atomoead.com.br\/matricula\/wp-json\/wp\/v2\/media?parent=19499"}],"wp:term":[{"taxonomy":"product_brand","embeddable":true,"href":"https:\/\/atomoead.com.br\/matricula\/wp-json\/wp\/v2\/product_brand?post=19499"},{"taxonomy":"product_cat","embeddable":true,"href":"https:\/\/atomoead.com.br\/matricula\/wp-json\/wp\/v2\/product_cat?post=19499"},{"taxonomy":"product_tag","embeddable":true,"href":"https:\/\/atomoead.com.br\/matricula\/wp-json\/wp\/v2\/product_tag?post=19499"}],"curies":[{"name":"wp","href":"https:\/\/api.w.org\/{rel}","templated":true}]}}