{"id":13273,"date":"2019-11-08T01:44:25","date_gmt":"2019-11-08T04:44:25","guid":{"rendered":"http:\/\/ninzio.com\/edukul\/?post_type=product&#038;p=13273"},"modified":"2026-04-02T07:16:47","modified_gmt":"2026-04-02T10:16:47","slug":"curso-do-coluni-ufv-2026","status":"publish","type":"product","link":"https:\/\/atomoead.com.br\/matricula\/product\/curso-do-coluni-ufv-2026\/","title":{"rendered":"CURSO DO COLUNI-UFV 2026"},"content":{"rendered":"\r\n<p><br \/>O curso do COLUNI-UFV 9\u00b0 ANO 2026 online do Atomoead certamente possibilita aos alunos estrat\u00e9gias diferenciadas e pr\u00e1ticas de aprendizagem para prepar\u00e1-los a conquista da t\u00e3o sonhada vaga no curso.<\/p>\r\n<p>At\u00e9 1982, o COLUNI todavia mantinha apenas a terceira s\u00e9rie do Ensino M\u00e9dio, em regime integrado. Pois, no in\u00edcio da d\u00e9cada de 1980 a Reitoria da UFV nomeou uma Comiss\u00e3o de professores do Departamento de Educa\u00e7\u00e3o para apreciar a situa\u00e7\u00e3o de funcionamento do COLUNI.<\/p>\r\n<p>Tamb\u00e9m foi proposta a sua transforma\u00e7\u00e3o certamente em Col\u00e9gio de Ensino M\u00e9dio, no qual funcionassem as tr\u00eas s\u00e9ries, al\u00e9m da cria\u00e7\u00e3o de uma grade curricular que atendesse \u00e0s exig\u00eancias da legisla\u00e7\u00e3o.<\/p>\r\n\r\n\r\n\r\n<p><strong>Objetivos<\/strong><\/p>\r\n\r\n\r\n\r\n<p>Afinal o objetivo desse <a href=\"http:\/\/atomoead.com.br\/preparatorio-para-o-coluni-ufv.html\">curso preparat\u00f3rio para o COLUNI-UFV<\/a>\u00a0 9\u00b0 ano \u00e9 o de preparar jovens, entre 13 e 16 anos, que estejam cursando o 9\u00ba ano do Ensino Fundamental, ou que j\u00e1 tenham conclu\u00eddo o Ensino Fundamental, para o processo seletivo do CAp-COLUNI, Col\u00e9gio de Aplica\u00e7\u00e3o pertencente \u00e0 Universidade Federal de Vi\u00e7osa(UFV). Oferece, anualmente, 150 vagas para a 1\u00aa s\u00e9rie do Ensino M\u00e9dio .<\/p>\r\n<p>&nbsp;<\/p>\r\n\r\n\r\n\r\n<p><strong>Diferenciais<\/strong><\/p>\r\n\r\n\r\n\r\n<p>Material digital in\u00e9dito, prepara\u00e7\u00e3o personalizada e individualizada. As atividades de cada aluno s\u00e3o acompanhadas por professores e especialistas em educa\u00e7\u00e3o que respeitam o desenvolvimento e o o ritmo de cada um no processo de aprendizagem.<\/p>\r\n\r\n\r\n\r\n\r\n\r\n<p><strong><b>In\u00edcio:<\/b><span> 13\/04\/26 &#8211; <\/span><b>Termino:<\/b><span> 30\/11\/26 (Acesso at\u00e9 v\u00e9spera da prova)<\/span><\/strong><\/p>\r\n\r\n\r\n\r\n<p><strong>ENSINO M\u00c9DIO E VESTIBULARES<\/strong><\/p>\r\n\r\n\r\n\r\n<p>Considerado um dos melhores col\u00e9gios de Ensino M\u00e9dio do Pa\u00eds, o CAp-COLUNI prepara seus alunos para ingressarem na UFV e em qualquer outra institui\u00e7\u00e3o de n\u00edvel superior.<\/p>\r\n","protected":false},"excerpt":{"rendered":"<p><strong>Curso do COLUNI-UFV 9\u00b0 Ano Completo + Material Digital\u00a0<br \/><\/strong><\/p>\n<p><strong><b>In\u00edcio:<\/b><span> 13\/04\/26 &#8211; <\/span><b>Termino:<\/b><span> 30\/11\/26 (Acesso at\u00e9 v\u00e9spera da prova)<\/span><\/strong><strong>\u00a0<\/strong><\/p>\n","protected":false},"featured_media":20367,"comment_status":"open","ping_status":"closed","template":"","meta":[],"product_brand":[],"product_cat":[106,66,64],"product_tag":[73,74,75,76],"class_list":{"0":"post-13273","1":"product","2":"type-product","3":"status-publish","4":"has-post-thumbnail","6":"product_cat-9-ano","7":"product_cat-coluni-ufv","8":"product_cat-cursos-preparatorios","9":"product_tag-coluni-ufv","10":"product_tag-cursodoculuni-ufv","11":"product_tag-materialcoluni-ufv","12":"product_tag-preparatoriocoluni-ufv","14":"first","15":"instock","16":"sale","17":"shipping-taxable","18":"purchasable","19":"product-type-simple"},"_links":{"self":[{"href":"https:\/\/atomoead.com.br\/matricula\/wp-json\/wp\/v2\/product\/13273","targetHints":{"allow":["GET"]}}],"collection":[{"href":"https:\/\/atomoead.com.br\/matricula\/wp-json\/wp\/v2\/product"}],"about":[{"href":"https:\/\/atomoead.com.br\/matricula\/wp-json\/wp\/v2\/types\/product"}],"replies":[{"embeddable":true,"href":"https:\/\/atomoead.com.br\/matricula\/wp-json\/wp\/v2\/comments?post=13273"}],"wp:featuredmedia":[{"embeddable":true,"href":"https:\/\/atomoead.com.br\/matricula\/wp-json\/wp\/v2\/media\/20367"}],"wp:attachment":[{"href":"https:\/\/atomoead.com.br\/matricula\/wp-json\/wp\/v2\/media?parent=13273"}],"wp:term":[{"taxonomy":"product_brand","embeddable":true,"href":"https:\/\/atomoead.com.br\/matricula\/wp-json\/wp\/v2\/product_brand?post=13273"},{"taxonomy":"product_cat","embeddable":true,"href":"https:\/\/atomoead.com.br\/matricula\/wp-json\/wp\/v2\/product_cat?post=13273"},{"taxonomy":"product_tag","embeddable":true,"href":"https:\/\/atomoead.com.br\/matricula\/wp-json\/wp\/v2\/product_tag?post=13273"}],"curies":[{"name":"wp","href":"https:\/\/api.w.org\/{rel}","templated":true}]}}